{"id":1067,"date":"2023-04-19T12:03:29","date_gmt":"2023-04-19T09:03:29","guid":{"rendered":"https:\/\/safaksanpano.com\/?post_type=product&#038;p=1067"},"modified":"2024-03-23T22:31:37","modified_gmt":"2024-03-23T19:31:37","slug":"dikili-tip-pano-genislik-800-mm","status":"publish","type":"product","link":"https:\/\/safaksanpano.com\/en\/product\/dikili-tip-pano-genislik-800-mm\/","title":{"rendered":"STANDING TYPE PANEL Width 800 mm"},"content":{"rendered":"<p>The general features of the Free Standing Panels, which are frequently used in Transformer Power, Compensation, Distribution, Network Generator Transfer, Automation, Control and Lighting applications, are as follows.<\/p>\n<p>General Features :<\/p>\n<ul>\n<li>The standard Panel Height is 2 meters.<\/li>\n<li>RAL 7035 Electrostatic Powder Coating Paint<\/li>\n<li>2 mm DKP Skeleton<\/li>\n<li>2mm Galvanized Sheet Mounting Plate<\/li>\n<li>Polyurethane Cast Gasket on Doors and Covers<\/li>\n<li>25 mm Pitch, 3-Axis Movement Opportunity<\/li>\n<li>Four Point Lock and Concealed Hinge System<\/li>\n<li>Possibility to Use Covers on the Back and Front<\/li>\n<li>IP 54 Protection Class<\/li>\n<li>Modular Structure, Reproducibility and Cornering Feature<\/li>\n<\/ul>","protected":false},"excerpt":{"rendered":"<p>Trafo Kuvvet, Kompanzasyon, Da\u011f\u0131t\u0131m, \u015eebeke Jenerat\u00f6r Transfer, Otomasyon, Kumanda ve Ayd\u0131nlatma uygulamalar\u0131nda s\u0131kl\u0131kla kullan\u0131lan Dikili Tip Panolar\u0131n, genel \u00f6zellikleri a\u015fa\u011f\u0131daki gibidir. Genel \u00d6zellikler : Standart [&hellip;]<\/p>\n","protected":false},"featured_media":1068,"comment_status":"open","ping_status":"closed","template":"","meta":{"_crdt_document":"","advanced_seo_description":"","jetpack_seo_html_title":"","jetpack_seo_noindex":false,"jetpack_post_was_ever_published":false,"jetpack_publicize_message":"","jetpack_publicize_feature_enabled":true,"jetpack_social_post_already_shared":true,"jetpack_social_options":{"image_generator_settings":{"template":"highway","default_image_id":0,"font":"","enabled":false},"version":2},"_wpas_customize_per_network":false},"product_brand":[],"product_cat":[128051],"product_tag":[],"class_list":{"0":"post-1067","1":"product","2":"type-product","3":"status-publish","4":"has-post-thumbnail","6":"product_cat-dikili-tip","8":"first","9":"outofstock","10":"taxable","11":"shipping-taxable","12":"purchasable","13":"product-type-variable"},"jetpack_publicize_connections":[],"jetpack_likes_enabled":true,"jetpack_sharing_enabled":true,"jetpack-related-posts":[],"_links":{"self":[{"href":"https:\/\/safaksanpano.com\/en\/wp-json\/wp\/v2\/product\/1067","targetHints":{"allow":["GET"]}}],"collection":[{"href":"https:\/\/safaksanpano.com\/en\/wp-json\/wp\/v2\/product"}],"about":[{"href":"https:\/\/safaksanpano.com\/en\/wp-json\/wp\/v2\/types\/product"}],"replies":[{"embeddable":true,"href":"https:\/\/safaksanpano.com\/en\/wp-json\/wp\/v2\/comments?post=1067"}],"wp:featuredmedia":[{"embeddable":true,"href":"https:\/\/safaksanpano.com\/en\/wp-json\/wp\/v2\/media\/1068"}],"wp:attachment":[{"href":"https:\/\/safaksanpano.com\/en\/wp-json\/wp\/v2\/media?parent=1067"}],"wp:term":[{"taxonomy":"product_brand","embeddable":true,"href":"https:\/\/safaksanpano.com\/en\/wp-json\/wp\/v2\/product_brand?post=1067"},{"taxonomy":"product_cat","embeddable":true,"href":"https:\/\/safaksanpano.com\/en\/wp-json\/wp\/v2\/product_cat?post=1067"},{"taxonomy":"product_tag","embeddable":true,"href":"https:\/\/safaksanpano.com\/en\/wp-json\/wp\/v2\/product_tag?post=1067"}],"curies":[{"name":"wp","href":"https:\/\/api.w.org\/{rel}","templated":true}]}}